{"id":10401,"date":"2022-10-20T22:00:38","date_gmt":"2022-10-20T22:00:38","guid":{"rendered":"https:\/\/caf-fca.org\/improving-pass-rates-and-learning-outcomes-for-apprentices-with-disabilities-a-pilot-with-the-iuoe\/"},"modified":"2024-05-27T09:05:14","modified_gmt":"2024-05-27T13:05:14","slug":"ameliorer-les-taux-de-reussite-et-les-resultats-dapprentissage-des-apprentis-handicapes-un-projet-pilote-avec-liuoe","status":"publish","type":"page","link":"https:\/\/caf-fca.org\/fr\/recherche\/ameliorer-les-taux-de-reussite-et-les-resultats-dapprentissage-des-apprentis-handicapes-un-projet-pilote-avec-liuoe\/","title":{"rendered":"Am\u00e9liorer les taux de r\u00e9ussite et les r\u00e9sultats d&#8217;apprentissage des apprentis handicap\u00e9s : Un projet pilote avec l&#8217;IUOE"},"content":{"rendered":"","protected":false},"excerpt":{"rendered":"","protected":false},"author":2,"featured_media":0,"parent":10407,"menu_order":0,"comment_status":"closed","ping_status":"closed","template":"template-interior.php","meta":{"_acf_changed":false,"_genesis_hide_title":false,"_genesis_hide_breadcrumbs":false,"_genesis_hide_singular_image":false,"_genesis_hide_footer_widgets":false,"_genesis_custom_body_class":"","_genesis_custom_post_class":"","_genesis_layout":"","footnotes":""},"class_list":{"0":"post-10401","1":"page","2":"type-page","3":"status-publish","5":"entry"},"acf":[],"_links":{"self":[{"href":"https:\/\/caf-fca.org\/fr\/wp-json\/wp\/v2\/pages\/10401"}],"collection":[{"href":"https:\/\/caf-fca.org\/fr\/wp-json\/wp\/v2\/pages"}],"about":[{"href":"https:\/\/caf-fca.org\/fr\/wp-json\/wp\/v2\/types\/page"}],"author":[{"embeddable":true,"href":"https:\/\/caf-fca.org\/fr\/wp-json\/wp\/v2\/users\/2"}],"replies":[{"embeddable":true,"href":"https:\/\/caf-fca.org\/fr\/wp-json\/wp\/v2\/comments?post=10401"}],"version-history":[{"count":4,"href":"https:\/\/caf-fca.org\/fr\/wp-json\/wp\/v2\/pages\/10401\/revisions"}],"predecessor-version":[{"id":13471,"href":"https:\/\/caf-fca.org\/fr\/wp-json\/wp\/v2\/pages\/10401\/revisions\/13471"}],"up":[{"embeddable":true,"href":"https:\/\/caf-fca.org\/fr\/wp-json\/wp\/v2\/pages\/10407"}],"wp:attachment":[{"href":"https:\/\/caf-fca.org\/fr\/wp-json\/wp\/v2\/media?parent=10401"}],"curies":[{"name":"wp","href":"https:\/\/api.w.org\/{rel}","templated":true}]}}