{"id":10410,"date":"2022-04-05T15:07:14","date_gmt":"2022-04-05T15:07:14","guid":{"rendered":"https:\/\/caf-fca.org\/recherche\/educators-guide-to-careers-in-the-skilled-trades\/"},"modified":"2024-11-21T08:51:54","modified_gmt":"2024-11-21T13:51:54","slug":"guides-sur-les-carrieres-dans-les-metiers-specialises","status":"publish","type":"page","link":"https:\/\/caf-fca.org\/fr\/recherche\/guides-sur-les-carrieres-dans-les-metiers-specialises\/","title":{"rendered":"Guides sur les carri\u00e8res dans les m\u00e9tiers sp\u00e9cialis\u00e9s"},"content":{"rendered":"","protected":false},"excerpt":{"rendered":"","protected":false},"author":2,"featured_media":0,"parent":10407,"menu_order":0,"comment_status":"closed","ping_status":"closed","template":"template-interior.php","meta":{"_acf_changed":false,"_genesis_hide_title":false,"_genesis_hide_breadcrumbs":false,"_genesis_hide_singular_image":false,"_genesis_hide_footer_widgets":false,"_genesis_custom_body_class":"","_genesis_custom_post_class":"","_genesis_layout":"","footnotes":""},"class_list":{"0":"post-10410","1":"page","2":"type-page","3":"status-publish","5":"entry"},"acf":[],"_links":{"self":[{"href":"https:\/\/caf-fca.org\/fr\/wp-json\/wp\/v2\/pages\/10410"}],"collection":[{"href":"https:\/\/caf-fca.org\/fr\/wp-json\/wp\/v2\/pages"}],"about":[{"href":"https:\/\/caf-fca.org\/fr\/wp-json\/wp\/v2\/types\/page"}],"author":[{"embeddable":true,"href":"https:\/\/caf-fca.org\/fr\/wp-json\/wp\/v2\/users\/2"}],"replies":[{"embeddable":true,"href":"https:\/\/caf-fca.org\/fr\/wp-json\/wp\/v2\/comments?post=10410"}],"version-history":[{"count":8,"href":"https:\/\/caf-fca.org\/fr\/wp-json\/wp\/v2\/pages\/10410\/revisions"}],"predecessor-version":[{"id":14102,"href":"https:\/\/caf-fca.org\/fr\/wp-json\/wp\/v2\/pages\/10410\/revisions\/14102"}],"up":[{"embeddable":true,"href":"https:\/\/caf-fca.org\/fr\/wp-json\/wp\/v2\/pages\/10407"}],"wp:attachment":[{"href":"https:\/\/caf-fca.org\/fr\/wp-json\/wp\/v2\/media?parent=10410"}],"curies":[{"name":"wp","href":"https:\/\/api.w.org\/{rel}","templated":true}]}}