{"id":11568,"date":"2023-03-06T15:57:04","date_gmt":"2023-03-06T20:57:04","guid":{"rendered":"https:\/\/caf-fca.org\/?page_id=11568"},"modified":"2023-03-06T15:57:04","modified_gmt":"2023-03-06T20:57:04","slug":"outil-build-your-skills-aide-a-lexamen-pour-les-preapprentis-et-les-apprentis","status":"publish","type":"page","link":"https:\/\/caf-fca.org\/fr\/outil-build-your-skills-aide-a-lexamen-pour-les-preapprentis-et-les-apprentis\/","title":{"rendered":"Outil &#8220;Build Your Skills&#8221; : Aide \u00e0 l&#8217;examen pour les pr\u00e9apprentis et les apprentis"},"content":{"rendered":"<p>Pourquoi participer ? La participation peut am\u00e9liorer les taux de r\u00e9ussite et d&#8217;ach\u00e8vement des examens de trois fa\u00e7ons :<\/p>\n<p>1. Soutenir le d\u00e9veloppement des comp\u00e9tences<br \/>\n2. Renforcer la confiance de l&#8217;apprenant<br \/>\n3. R\u00e9duire l&#8217;anxi\u00e9t\u00e9 li\u00e9e aux examens<\/p>\n<p>Les apprenants peuvent avoir besoin de revoir les notions fondamentales telles que les math\u00e9matiques et la r\u00e9solution de probl\u00e8mes avant de passer un examen. En acc\u00e9dant \u00e0 cet outil gratuit, les apprenants peuvent se connecter apr\u00e8s le travail ou les cours et r\u00e9viser les concepts difficiles \u00e0 leur propre rythme. Les probl\u00e8mes math\u00e9matiques sont d\u00e9compos\u00e9s selon une m\u00e9thode \u00e9tape par \u00e9tape pour guider l&#8217;apprenant tout au long du processus. Des animations favorisent l&#8217;engagement de l&#8217;apprenant en ligne.<\/p>\n<p>Remplissez le formulaire pour avoir une chance de gagner 500 $ !<\/p>\n","protected":false},"excerpt":{"rendered":"<p>Pourquoi participer ? La participation peut am\u00e9liorer les taux de r\u00e9ussite et d&#8217;ach\u00e8vement des examens de trois fa\u00e7ons : 1. Soutenir le d\u00e9veloppement des comp\u00e9tences 2. Renforcer la confiance de l&#8217;apprenant 3. R\u00e9duire l&#8217;anxi\u00e9t\u00e9 li\u00e9e aux examens Les apprenants peuvent avoir besoin de revoir les notions fondamentales telles que les math\u00e9matiques et la r\u00e9solution de [&hellip;]<\/p>\n","protected":false},"author":311,"featured_media":0,"parent":0,"menu_order":0,"comment_status":"closed","ping_status":"closed","template":"template-interior.php","meta":{"_acf_changed":false,"_genesis_hide_title":false,"_genesis_hide_breadcrumbs":false,"_genesis_hide_singular_image":false,"_genesis_hide_footer_widgets":false,"_genesis_custom_body_class":"","_genesis_custom_post_class":"","_genesis_layout":"","footnotes":""},"class_list":{"0":"post-11568","1":"page","2":"type-page","3":"status-publish","5":"entry"},"acf":[],"_links":{"self":[{"href":"https:\/\/caf-fca.org\/fr\/wp-json\/wp\/v2\/pages\/11568"}],"collection":[{"href":"https:\/\/caf-fca.org\/fr\/wp-json\/wp\/v2\/pages"}],"about":[{"href":"https:\/\/caf-fca.org\/fr\/wp-json\/wp\/v2\/types\/page"}],"author":[{"embeddable":true,"href":"https:\/\/caf-fca.org\/fr\/wp-json\/wp\/v2\/users\/311"}],"replies":[{"embeddable":true,"href":"https:\/\/caf-fca.org\/fr\/wp-json\/wp\/v2\/comments?post=11568"}],"version-history":[{"count":3,"href":"https:\/\/caf-fca.org\/fr\/wp-json\/wp\/v2\/pages\/11568\/revisions"}],"predecessor-version":[{"id":11571,"href":"https:\/\/caf-fca.org\/fr\/wp-json\/wp\/v2\/pages\/11568\/revisions\/11571"}],"wp:attachment":[{"href":"https:\/\/caf-fca.org\/fr\/wp-json\/wp\/v2\/media?parent=11568"}],"curies":[{"name":"wp","href":"https:\/\/api.w.org\/{rel}","templated":true}]}}