{"id":12055,"date":"2023-06-26T13:47:16","date_gmt":"2023-06-26T17:47:16","guid":{"rendered":"https:\/\/caf-fca.org\/event-log-in\/"},"modified":"2023-07-07T09:10:39","modified_gmt":"2023-07-07T13:10:39","slug":"connexion-a-linscription-a-levenement","status":"publish","type":"page","link":"https:\/\/caf-fca.org\/fr\/connexion-a-linscription-a-levenement\/","title":{"rendered":"Connexion \u00e0 l&#8217;inscription \u00e0 l&#8217;\u00e9v\u00e9nement"},"content":{"rendered":"","protected":false},"excerpt":{"rendered":"","protected":false},"author":2,"featured_media":0,"parent":0,"menu_order":0,"comment_status":"closed","ping_status":"closed","template":"template-interior.php","meta":{"_acf_changed":false,"_genesis_hide_title":false,"_genesis_hide_breadcrumbs":false,"_genesis_hide_singular_image":false,"_genesis_hide_footer_widgets":false,"_genesis_custom_body_class":"","_genesis_custom_post_class":"","_genesis_layout":"","footnotes":""},"class_list":{"0":"post-12055","1":"page","2":"type-page","3":"status-publish","5":"entry"},"acf":[],"_links":{"self":[{"href":"https:\/\/caf-fca.org\/fr\/wp-json\/wp\/v2\/pages\/12055"}],"collection":[{"href":"https:\/\/caf-fca.org\/fr\/wp-json\/wp\/v2\/pages"}],"about":[{"href":"https:\/\/caf-fca.org\/fr\/wp-json\/wp\/v2\/types\/page"}],"author":[{"embeddable":true,"href":"https:\/\/caf-fca.org\/fr\/wp-json\/wp\/v2\/users\/2"}],"replies":[{"embeddable":true,"href":"https:\/\/caf-fca.org\/fr\/wp-json\/wp\/v2\/comments?post=12055"}],"version-history":[{"count":11,"href":"https:\/\/caf-fca.org\/fr\/wp-json\/wp\/v2\/pages\/12055\/revisions"}],"predecessor-version":[{"id":12080,"href":"https:\/\/caf-fca.org\/fr\/wp-json\/wp\/v2\/pages\/12055\/revisions\/12080"}],"wp:attachment":[{"href":"https:\/\/caf-fca.org\/fr\/wp-json\/wp\/v2\/media?parent=12055"}],"curies":[{"name":"wp","href":"https:\/\/api.w.org\/{rel}","templated":true}]}}