{"id":12300,"date":"2023-08-30T16:17:31","date_gmt":"2023-08-30T20:17:31","guid":{"rendered":"https:\/\/caf-fca.org\/?page_id=12300"},"modified":"2023-08-30T16:17:49","modified_gmt":"2023-08-30T20:17:49","slug":"webinaire-la-demographie-de-la-main-doeuvre-qualifiee-au-canada-perspectives-du-recensement-de-2021","status":"publish","type":"page","link":"https:\/\/caf-fca.org\/fr\/webinaire-la-demographie-de-la-main-doeuvre-qualifiee-au-canada-perspectives-du-recensement-de-2021\/","title":{"rendered":"Webinaire: La d\u00e9mographie de la main-d&#8217;\u0153uvre qualifi\u00e9e au Canada : Perspectives du recensement de 2021"},"content":{"rendered":"<p>Joignez-vous \u00e0 nous pour mieux comprendre les donn\u00e9es d\u00e9mographiques de la main-d&#8217;\u0153uvre du Sceau rouge au Canada en fonction du Recensement de la population de 2021.<\/p>\n","protected":false},"excerpt":{"rendered":"<p>Joignez-vous \u00e0 nous pour mieux comprendre les donn\u00e9es d\u00e9mographiques de la main-d&#8217;\u0153uvre du Sceau rouge au Canada en fonction du Recensement de la population de 2021.<\/p>\n","protected":false},"author":311,"featured_media":0,"parent":0,"menu_order":0,"comment_status":"closed","ping_status":"closed","template":"template-interior.php","meta":{"_acf_changed":false,"_genesis_hide_title":false,"_genesis_hide_breadcrumbs":false,"_genesis_hide_singular_image":false,"_genesis_hide_footer_widgets":false,"_genesis_custom_body_class":"","_genesis_custom_post_class":"","_genesis_layout":"","footnotes":""},"class_list":{"0":"post-12300","1":"page","2":"type-page","3":"status-publish","5":"entry"},"acf":[],"_links":{"self":[{"href":"https:\/\/caf-fca.org\/fr\/wp-json\/wp\/v2\/pages\/12300"}],"collection":[{"href":"https:\/\/caf-fca.org\/fr\/wp-json\/wp\/v2\/pages"}],"about":[{"href":"https:\/\/caf-fca.org\/fr\/wp-json\/wp\/v2\/types\/page"}],"author":[{"embeddable":true,"href":"https:\/\/caf-fca.org\/fr\/wp-json\/wp\/v2\/users\/311"}],"replies":[{"embeddable":true,"href":"https:\/\/caf-fca.org\/fr\/wp-json\/wp\/v2\/comments?post=12300"}],"version-history":[{"count":3,"href":"https:\/\/caf-fca.org\/fr\/wp-json\/wp\/v2\/pages\/12300\/revisions"}],"predecessor-version":[{"id":12303,"href":"https:\/\/caf-fca.org\/fr\/wp-json\/wp\/v2\/pages\/12300\/revisions\/12303"}],"wp:attachment":[{"href":"https:\/\/caf-fca.org\/fr\/wp-json\/wp\/v2\/media?parent=12300"}],"curies":[{"name":"wp","href":"https:\/\/api.w.org\/{rel}","templated":true}]}}