{"id":12329,"date":"2023-09-01T15:35:03","date_gmt":"2023-09-01T19:35:03","guid":{"rendered":"https:\/\/caf-fca.org\/?page_id=12329"},"modified":"2023-09-01T15:43:25","modified_gmt":"2023-09-01T19:43:25","slug":"connexion-a-levenement-pour-les-membres-14-fevrier","status":"publish","type":"page","link":"https:\/\/caf-fca.org\/fr\/connexion-a-levenement-pour-les-membres-14-fevrier\/","title":{"rendered":"Connexion \u00e0 l&#8217;\u00e9v\u00e9nement pour les membres 14 Fevrier"},"content":{"rendered":"","protected":false},"excerpt":{"rendered":"","protected":false},"author":311,"featured_media":0,"parent":0,"menu_order":0,"comment_status":"closed","ping_status":"closed","template":"template-interior.php","meta":{"_acf_changed":false,"_genesis_hide_title":false,"_genesis_hide_breadcrumbs":false,"_genesis_hide_singular_image":false,"_genesis_hide_footer_widgets":false,"_genesis_custom_body_class":"","_genesis_custom_post_class":"","_genesis_layout":"","footnotes":""},"class_list":{"0":"post-12329","1":"page","2":"type-page","3":"status-publish","5":"entry"},"acf":[],"_links":{"self":[{"href":"https:\/\/caf-fca.org\/fr\/wp-json\/wp\/v2\/pages\/12329"}],"collection":[{"href":"https:\/\/caf-fca.org\/fr\/wp-json\/wp\/v2\/pages"}],"about":[{"href":"https:\/\/caf-fca.org\/fr\/wp-json\/wp\/v2\/types\/page"}],"author":[{"embeddable":true,"href":"https:\/\/caf-fca.org\/fr\/wp-json\/wp\/v2\/users\/311"}],"replies":[{"embeddable":true,"href":"https:\/\/caf-fca.org\/fr\/wp-json\/wp\/v2\/comments?post=12329"}],"version-history":[{"count":4,"href":"https:\/\/caf-fca.org\/fr\/wp-json\/wp\/v2\/pages\/12329\/revisions"}],"predecessor-version":[{"id":12334,"href":"https:\/\/caf-fca.org\/fr\/wp-json\/wp\/v2\/pages\/12329\/revisions\/12334"}],"wp:attachment":[{"href":"https:\/\/caf-fca.org\/fr\/wp-json\/wp\/v2\/media?parent=12329"}],"curies":[{"name":"wp","href":"https:\/\/api.w.org\/{rel}","templated":true}]}}