{"id":12690,"date":"2023-12-20T09:18:14","date_gmt":"2023-12-20T14:18:14","guid":{"rendered":"https:\/\/caf-fca.org\/?page_id=12690"},"modified":"2023-12-20T09:18:14","modified_gmt":"2023-12-20T14:18:14","slug":"les-avantages-de-lapprentissage-et-des-carrieres-dans-les-metiers-specialises","status":"publish","type":"page","link":"https:\/\/caf-fca.org\/fr\/les-avantages-de-lapprentissage-et-des-carrieres-dans-les-metiers-specialises\/","title":{"rendered":"Les avantages de l&#8217;apprentissage et des carri\u00e8res dans les m\u00e9tiers sp\u00e9cialis\u00e9s"},"content":{"rendered":"","protected":false},"excerpt":{"rendered":"","protected":false},"author":311,"featured_media":0,"parent":0,"menu_order":0,"comment_status":"closed","ping_status":"closed","template":"template-interior.php","meta":{"_acf_changed":false,"_genesis_hide_title":false,"_genesis_hide_breadcrumbs":false,"_genesis_hide_singular_image":false,"_genesis_hide_footer_widgets":false,"_genesis_custom_body_class":"","_genesis_custom_post_class":"","_genesis_layout":"","footnotes":""},"class_list":{"0":"post-12690","1":"page","2":"type-page","3":"status-publish","5":"entry"},"acf":[],"_links":{"self":[{"href":"https:\/\/caf-fca.org\/fr\/wp-json\/wp\/v2\/pages\/12690"}],"collection":[{"href":"https:\/\/caf-fca.org\/fr\/wp-json\/wp\/v2\/pages"}],"about":[{"href":"https:\/\/caf-fca.org\/fr\/wp-json\/wp\/v2\/types\/page"}],"author":[{"embeddable":true,"href":"https:\/\/caf-fca.org\/fr\/wp-json\/wp\/v2\/users\/311"}],"replies":[{"embeddable":true,"href":"https:\/\/caf-fca.org\/fr\/wp-json\/wp\/v2\/comments?post=12690"}],"version-history":[{"count":2,"href":"https:\/\/caf-fca.org\/fr\/wp-json\/wp\/v2\/pages\/12690\/revisions"}],"predecessor-version":[{"id":12692,"href":"https:\/\/caf-fca.org\/fr\/wp-json\/wp\/v2\/pages\/12690\/revisions\/12692"}],"wp:attachment":[{"href":"https:\/\/caf-fca.org\/fr\/wp-json\/wp\/v2\/media?parent=12690"}],"curies":[{"name":"wp","href":"https:\/\/api.w.org\/{rel}","templated":true}]}}