{"id":12855,"date":"2024-02-13T10:29:25","date_gmt":"2024-02-13T15:29:25","guid":{"rendered":"https:\/\/caf-fca.org\/?page_id=12855"},"modified":"2024-02-13T10:29:25","modified_gmt":"2024-02-13T15:29:25","slug":"apprentissages-en-alberta-faciliter-les-voies-dacces-a-lapprentissage-et-aux-carrieres-dans-les-metiers-specialises","status":"publish","type":"page","link":"https:\/\/caf-fca.org\/fr\/recherche\/apprentissages-en-alberta-faciliter-les-voies-dacces-a-lapprentissage-et-aux-carrieres-dans-les-metiers-specialises\/","title":{"rendered":"Apprentissages en Alberta :  Faciliter les voies d&#8217;acc\u00e8s \u00e0 l&#8217;apprentissage et aux carri\u00e8res dans les m\u00e9tiers sp\u00e9cialis\u00e9s"},"content":{"rendered":"","protected":false},"excerpt":{"rendered":"","protected":false},"author":311,"featured_media":0,"parent":10407,"menu_order":0,"comment_status":"closed","ping_status":"closed","template":"template-interior.php","meta":{"_acf_changed":false,"_genesis_hide_title":false,"_genesis_hide_breadcrumbs":false,"_genesis_hide_singular_image":false,"_genesis_hide_footer_widgets":false,"_genesis_custom_body_class":"","_genesis_custom_post_class":"","_genesis_layout":"","footnotes":""},"class_list":{"0":"post-12855","1":"page","2":"type-page","3":"status-publish","5":"entry"},"acf":[],"_links":{"self":[{"href":"https:\/\/caf-fca.org\/fr\/wp-json\/wp\/v2\/pages\/12855"}],"collection":[{"href":"https:\/\/caf-fca.org\/fr\/wp-json\/wp\/v2\/pages"}],"about":[{"href":"https:\/\/caf-fca.org\/fr\/wp-json\/wp\/v2\/types\/page"}],"author":[{"embeddable":true,"href":"https:\/\/caf-fca.org\/fr\/wp-json\/wp\/v2\/users\/311"}],"replies":[{"embeddable":true,"href":"https:\/\/caf-fca.org\/fr\/wp-json\/wp\/v2\/comments?post=12855"}],"version-history":[{"count":3,"href":"https:\/\/caf-fca.org\/fr\/wp-json\/wp\/v2\/pages\/12855\/revisions"}],"predecessor-version":[{"id":12870,"href":"https:\/\/caf-fca.org\/fr\/wp-json\/wp\/v2\/pages\/12855\/revisions\/12870"}],"up":[{"embeddable":true,"href":"https:\/\/caf-fca.org\/fr\/wp-json\/wp\/v2\/pages\/10407"}],"wp:attachment":[{"href":"https:\/\/caf-fca.org\/fr\/wp-json\/wp\/v2\/media?parent=12855"}],"curies":[{"name":"wp","href":"https:\/\/api.w.org\/{rel}","templated":true}]}}