{"id":12967,"date":"2024-02-22T09:15:16","date_gmt":"2024-02-22T14:15:16","guid":{"rendered":"https:\/\/caf-fca.org\/?page_id=12967"},"modified":"2024-02-22T09:15:16","modified_gmt":"2024-02-22T14:15:16","slug":"des-competences-pour-reussir-favoriser-la-retention-des-autochtones-dans-les-programmes-dapprentissage-et-les-metiers-specialises","status":"publish","type":"page","link":"https:\/\/caf-fca.org\/fr\/des-competences-pour-reussir-favoriser-la-retention-des-autochtones-dans-les-programmes-dapprentissage-et-les-metiers-specialises\/","title":{"rendered":"Des comp\u00e9tences pour r\u00e9ussir : Favoriser la r\u00e9tention des Autochtones dans les programmes d&#8217;apprentissage et les m\u00e9tiers sp\u00e9cialis\u00e9s"},"content":{"rendered":"","protected":false},"excerpt":{"rendered":"","protected":false},"author":311,"featured_media":0,"parent":0,"menu_order":0,"comment_status":"closed","ping_status":"closed","template":"template-interior.php","meta":{"_acf_changed":false,"_genesis_hide_title":false,"_genesis_hide_breadcrumbs":false,"_genesis_hide_singular_image":false,"_genesis_hide_footer_widgets":false,"_genesis_custom_body_class":"","_genesis_custom_post_class":"","_genesis_layout":"","footnotes":""},"class_list":{"0":"post-12967","1":"page","2":"type-page","3":"status-publish","5":"entry"},"acf":[],"_links":{"self":[{"href":"https:\/\/caf-fca.org\/fr\/wp-json\/wp\/v2\/pages\/12967"}],"collection":[{"href":"https:\/\/caf-fca.org\/fr\/wp-json\/wp\/v2\/pages"}],"about":[{"href":"https:\/\/caf-fca.org\/fr\/wp-json\/wp\/v2\/types\/page"}],"author":[{"embeddable":true,"href":"https:\/\/caf-fca.org\/fr\/wp-json\/wp\/v2\/users\/311"}],"replies":[{"embeddable":true,"href":"https:\/\/caf-fca.org\/fr\/wp-json\/wp\/v2\/comments?post=12967"}],"version-history":[{"count":3,"href":"https:\/\/caf-fca.org\/fr\/wp-json\/wp\/v2\/pages\/12967\/revisions"}],"predecessor-version":[{"id":12970,"href":"https:\/\/caf-fca.org\/fr\/wp-json\/wp\/v2\/pages\/12967\/revisions\/12970"}],"wp:attachment":[{"href":"https:\/\/caf-fca.org\/fr\/wp-json\/wp\/v2\/media?parent=12967"}],"curies":[{"name":"wp","href":"https:\/\/api.w.org\/{rel}","templated":true}]}}