{"id":13057,"date":"2024-03-01T13:48:42","date_gmt":"2024-03-01T18:48:42","guid":{"rendered":"https:\/\/caf-fca.org\/?page_id=13057"},"modified":"2024-04-05T09:30:37","modified_gmt":"2024-04-05T13:30:37","slug":"13057-2","status":"publish","type":"page","link":"https:\/\/caf-fca.org\/fr\/13057-2\/","title":{"rendered":"Lancement de la conf\u00e9rence nationale sur l&#8217;apprentissage 2024"},"content":{"rendered":"<p>Joignez-vous au FCA-CAF pour une r\u00e9ception de lancement pr\u00e9-conf\u00e9rence qui aura lieu \u00e0 Calgary, en Alberta, la dynamique ville h\u00f4te de notre tr\u00e8s attendue <a href=\"https:\/\/caf-fca.org\/fr\/caf_fca_events\/conference-nationale-sur-lapprentissage-2024\/\">Conf\u00e9rence nationale sur l&#8217;apprentissage de 2024<\/a>. Cette rencontre sera un pr\u00e9lude excitant \u00e0 l&#8217;\u00e9v\u00e9nement principal, offrant une occasion de r\u00e9seautage et un aper\u00e7u des discussions et des exp\u00e9riences enrichissantes qui nous attendent en juin.<\/p>\n<p>Date de la conf\u00e9rence : 9 avril 2024<br \/>\nHeure : 14h00 &#8211; 16h00 MT<br \/>\nLieu : Calgary TELUS Convention Centre Calgary TELUS Convention Centre, 138 8 Avenue SE, Room : Glen 205<\/p>\n<p>Un assortiment de rafra\u00eechissements et de boissons sera offert. L&#8217;inscription \u00e0 cet \u00e9v\u00e9nement se termine le 1er avril 2024.<\/p>\n","protected":false},"excerpt":{"rendered":"<p>Joignez-vous au FCA-CAF pour une r\u00e9ception de lancement pr\u00e9-conf\u00e9rence qui aura lieu \u00e0 Calgary, en Alberta, la dynamique ville h\u00f4te de notre tr\u00e8s attendue Conf\u00e9rence nationale sur l&#8217;apprentissage de 2024. Cette rencontre sera un pr\u00e9lude excitant \u00e0 l&#8217;\u00e9v\u00e9nement principal, offrant une occasion de r\u00e9seautage et un aper\u00e7u des discussions et des exp\u00e9riences enrichissantes qui nous [&hellip;]<\/p>\n","protected":false},"author":311,"featured_media":0,"parent":0,"menu_order":0,"comment_status":"closed","ping_status":"closed","template":"template-interior.php","meta":{"_acf_changed":false,"_genesis_hide_title":false,"_genesis_hide_breadcrumbs":false,"_genesis_hide_singular_image":false,"_genesis_hide_footer_widgets":false,"_genesis_custom_body_class":"","_genesis_custom_post_class":"","_genesis_layout":"","footnotes":""},"class_list":{"0":"post-13057","1":"page","2":"type-page","3":"status-publish","5":"entry"},"acf":[],"_links":{"self":[{"href":"https:\/\/caf-fca.org\/fr\/wp-json\/wp\/v2\/pages\/13057"}],"collection":[{"href":"https:\/\/caf-fca.org\/fr\/wp-json\/wp\/v2\/pages"}],"about":[{"href":"https:\/\/caf-fca.org\/fr\/wp-json\/wp\/v2\/types\/page"}],"author":[{"embeddable":true,"href":"https:\/\/caf-fca.org\/fr\/wp-json\/wp\/v2\/users\/311"}],"replies":[{"embeddable":true,"href":"https:\/\/caf-fca.org\/fr\/wp-json\/wp\/v2\/comments?post=13057"}],"version-history":[{"count":8,"href":"https:\/\/caf-fca.org\/fr\/wp-json\/wp\/v2\/pages\/13057\/revisions"}],"predecessor-version":[{"id":13224,"href":"https:\/\/caf-fca.org\/fr\/wp-json\/wp\/v2\/pages\/13057\/revisions\/13224"}],"wp:attachment":[{"href":"https:\/\/caf-fca.org\/fr\/wp-json\/wp\/v2\/media?parent=13057"}],"curies":[{"name":"wp","href":"https:\/\/api.w.org\/{rel}","templated":true}]}}