{"id":13245,"date":"2024-04-16T12:33:59","date_gmt":"2024-04-16T16:33:59","guid":{"rendered":"https:\/\/caf-fca.org\/?page_id=13245"},"modified":"2024-05-07T12:11:43","modified_gmt":"2024-05-07T16:11:43","slug":"webinaire-pour-les-membres-batir-lequite-se-connecter","status":"publish","type":"page","link":"https:\/\/caf-fca.org\/fr\/webinaire-pour-les-membres-batir-lequite-se-connecter\/","title":{"rendered":"Connexion \u00e0 l&#8217;\u00e9v\u00e9nement pour membres : B\u00e2tir l&#8217;\u00e9quit\u00e9 : Explorer les initiatives du FCA-CAF en mati\u00e8re d&#8217;apprentissage et de m\u00e9tiers sp\u00e9cialis\u00e9s"},"content":{"rendered":"","protected":false},"excerpt":{"rendered":"","protected":false},"author":311,"featured_media":0,"parent":0,"menu_order":0,"comment_status":"closed","ping_status":"closed","template":"template-interior.php","meta":{"_acf_changed":false,"_genesis_hide_title":false,"_genesis_hide_breadcrumbs":false,"_genesis_hide_singular_image":false,"_genesis_hide_footer_widgets":false,"_genesis_custom_body_class":"","_genesis_custom_post_class":"","_genesis_layout":"","footnotes":""},"class_list":{"0":"post-13245","1":"page","2":"type-page","3":"status-publish","5":"entry"},"acf":[],"_links":{"self":[{"href":"https:\/\/caf-fca.org\/fr\/wp-json\/wp\/v2\/pages\/13245"}],"collection":[{"href":"https:\/\/caf-fca.org\/fr\/wp-json\/wp\/v2\/pages"}],"about":[{"href":"https:\/\/caf-fca.org\/fr\/wp-json\/wp\/v2\/types\/page"}],"author":[{"embeddable":true,"href":"https:\/\/caf-fca.org\/fr\/wp-json\/wp\/v2\/users\/311"}],"replies":[{"embeddable":true,"href":"https:\/\/caf-fca.org\/fr\/wp-json\/wp\/v2\/comments?post=13245"}],"version-history":[{"count":8,"href":"https:\/\/caf-fca.org\/fr\/wp-json\/wp\/v2\/pages\/13245\/revisions"}],"predecessor-version":[{"id":13374,"href":"https:\/\/caf-fca.org\/fr\/wp-json\/wp\/v2\/pages\/13245\/revisions\/13374"}],"wp:attachment":[{"href":"https:\/\/caf-fca.org\/fr\/wp-json\/wp\/v2\/media?parent=13245"}],"curies":[{"name":"wp","href":"https:\/\/api.w.org\/{rel}","templated":true}]}}