{"id":13583,"date":"2024-06-20T12:45:29","date_gmt":"2024-06-20T16:45:29","guid":{"rendered":"https:\/\/caf-fca.org\/?page_id=13583"},"modified":"2024-06-20T12:45:29","modified_gmt":"2024-06-20T16:45:29","slug":"serie-sur-les-meilleures-pratiques-en-matiere-de-recrutement-et-de-retention","status":"publish","type":"page","link":"https:\/\/caf-fca.org\/fr\/serie-sur-les-meilleures-pratiques-en-matiere-de-recrutement-et-de-retention\/","title":{"rendered":"S\u00e9rie sur les meilleures pratiques en mati\u00e8re de recrutement et de r\u00e9tention"},"content":{"rendered":"","protected":false},"excerpt":{"rendered":"","protected":false},"author":311,"featured_media":0,"parent":0,"menu_order":0,"comment_status":"closed","ping_status":"closed","template":"template-interior.php","meta":{"_acf_changed":false,"_genesis_hide_title":false,"_genesis_hide_breadcrumbs":false,"_genesis_hide_singular_image":false,"_genesis_hide_footer_widgets":false,"_genesis_custom_body_class":"","_genesis_custom_post_class":"","_genesis_layout":"","footnotes":""},"class_list":{"0":"post-13583","1":"page","2":"type-page","3":"status-publish","5":"entry"},"acf":[],"_links":{"self":[{"href":"https:\/\/caf-fca.org\/fr\/wp-json\/wp\/v2\/pages\/13583"}],"collection":[{"href":"https:\/\/caf-fca.org\/fr\/wp-json\/wp\/v2\/pages"}],"about":[{"href":"https:\/\/caf-fca.org\/fr\/wp-json\/wp\/v2\/types\/page"}],"author":[{"embeddable":true,"href":"https:\/\/caf-fca.org\/fr\/wp-json\/wp\/v2\/users\/311"}],"replies":[{"embeddable":true,"href":"https:\/\/caf-fca.org\/fr\/wp-json\/wp\/v2\/comments?post=13583"}],"version-history":[{"count":2,"href":"https:\/\/caf-fca.org\/fr\/wp-json\/wp\/v2\/pages\/13583\/revisions"}],"predecessor-version":[{"id":13585,"href":"https:\/\/caf-fca.org\/fr\/wp-json\/wp\/v2\/pages\/13583\/revisions\/13585"}],"wp:attachment":[{"href":"https:\/\/caf-fca.org\/fr\/wp-json\/wp\/v2\/media?parent=13583"}],"curies":[{"name":"wp","href":"https:\/\/api.w.org\/{rel}","templated":true}]}}