{"id":13968,"date":"2024-10-10T11:31:29","date_gmt":"2024-10-10T15:31:29","guid":{"rendered":"https:\/\/caf-fca.org\/?page_id=13968"},"modified":"2024-10-10T11:31:29","modified_gmt":"2024-10-10T15:31:29","slug":"liste-dinteret-pour-la-conference-soutenir-lequite-dans-les-metiers-2025","status":"publish","type":"page","link":"https:\/\/caf-fca.org\/fr\/liste-dinteret-pour-la-conference-soutenir-lequite-dans-les-metiers-2025\/","title":{"rendered":"Liste d&#8217;int\u00e9r\u00eat pour la Conf\u00e9rence soutenir l&#8217;\u00e9quit\u00e9 dans les m\u00e9tiers 2025"},"content":{"rendered":"","protected":false},"excerpt":{"rendered":"","protected":false},"author":311,"featured_media":0,"parent":0,"menu_order":0,"comment_status":"closed","ping_status":"closed","template":"template-interior.php","meta":{"_acf_changed":false,"_genesis_hide_title":false,"_genesis_hide_breadcrumbs":false,"_genesis_hide_singular_image":false,"_genesis_hide_footer_widgets":false,"_genesis_custom_body_class":"","_genesis_custom_post_class":"","_genesis_layout":"","footnotes":""},"class_list":{"0":"post-13968","1":"page","2":"type-page","3":"status-publish","5":"entry"},"acf":[],"_links":{"self":[{"href":"https:\/\/caf-fca.org\/fr\/wp-json\/wp\/v2\/pages\/13968"}],"collection":[{"href":"https:\/\/caf-fca.org\/fr\/wp-json\/wp\/v2\/pages"}],"about":[{"href":"https:\/\/caf-fca.org\/fr\/wp-json\/wp\/v2\/types\/page"}],"author":[{"embeddable":true,"href":"https:\/\/caf-fca.org\/fr\/wp-json\/wp\/v2\/users\/311"}],"replies":[{"embeddable":true,"href":"https:\/\/caf-fca.org\/fr\/wp-json\/wp\/v2\/comments?post=13968"}],"version-history":[{"count":2,"href":"https:\/\/caf-fca.org\/fr\/wp-json\/wp\/v2\/pages\/13968\/revisions"}],"predecessor-version":[{"id":13970,"href":"https:\/\/caf-fca.org\/fr\/wp-json\/wp\/v2\/pages\/13968\/revisions\/13970"}],"wp:attachment":[{"href":"https:\/\/caf-fca.org\/fr\/wp-json\/wp\/v2\/media?parent=13968"}],"curies":[{"name":"wp","href":"https:\/\/api.w.org\/{rel}","templated":true}]}}