{"id":14491,"date":"2025-02-18T13:05:45","date_gmt":"2025-02-18T18:05:45","guid":{"rendered":"https:\/\/caf-fca.org\/presentation-evaluation-recruiting-and-retention-best-practices\/"},"modified":"2025-03-17T11:43:41","modified_gmt":"2025-03-17T15:43:41","slug":"evaluation-de-la-presentation-meilleures-pratiques-en-matiere-de-recrutement-et-de-maintien-de-lemploi","status":"publish","type":"page","link":"https:\/\/caf-fca.org\/fr\/evaluation-de-la-presentation-meilleures-pratiques-en-matiere-de-recrutement-et-de-maintien-de-lemploi\/","title":{"rendered":"\u00c9valuation de la pr\u00e9sentation : Meilleures pratiques en mati\u00e8re de recrutement et de maintien de l&#8217;emploi"},"content":{"rendered":"","protected":false},"excerpt":{"rendered":"","protected":false},"author":2,"featured_media":0,"parent":0,"menu_order":0,"comment_status":"closed","ping_status":"closed","template":"template-interior.php","meta":{"_acf_changed":false,"_genesis_hide_title":false,"_genesis_hide_breadcrumbs":false,"_genesis_hide_singular_image":false,"_genesis_hide_footer_widgets":false,"_genesis_custom_body_class":"","_genesis_custom_post_class":"","_genesis_layout":"","footnotes":""},"class_list":{"0":"post-14491","1":"page","2":"type-page","3":"status-publish","5":"entry"},"acf":[],"_links":{"self":[{"href":"https:\/\/caf-fca.org\/fr\/wp-json\/wp\/v2\/pages\/14491"}],"collection":[{"href":"https:\/\/caf-fca.org\/fr\/wp-json\/wp\/v2\/pages"}],"about":[{"href":"https:\/\/caf-fca.org\/fr\/wp-json\/wp\/v2\/types\/page"}],"author":[{"embeddable":true,"href":"https:\/\/caf-fca.org\/fr\/wp-json\/wp\/v2\/users\/2"}],"replies":[{"embeddable":true,"href":"https:\/\/caf-fca.org\/fr\/wp-json\/wp\/v2\/comments?post=14491"}],"version-history":[{"count":3,"href":"https:\/\/caf-fca.org\/fr\/wp-json\/wp\/v2\/pages\/14491\/revisions"}],"predecessor-version":[{"id":14496,"href":"https:\/\/caf-fca.org\/fr\/wp-json\/wp\/v2\/pages\/14491\/revisions\/14496"}],"wp:attachment":[{"href":"https:\/\/caf-fca.org\/fr\/wp-json\/wp\/v2\/media?parent=14491"}],"curies":[{"name":"wp","href":"https:\/\/api.w.org\/{rel}","templated":true}]}}