{"id":14928,"date":"2025-10-17T15:41:55","date_gmt":"2025-10-17T19:41:55","guid":{"rendered":"https:\/\/caf-fca.org\/attracting-training-and-retaining-equity-priority-groups-in-the-skilled-trades-in-new-brunswick\/"},"modified":"2025-10-22T12:04:29","modified_gmt":"2025-10-22T16:04:29","slug":"attirer-former-et-maintenir-en-poste-les-groupes-prioritaires-en-matiere-dequite-dans-les-metiers-specialises-au-nouveau-brunswick","status":"publish","type":"page","link":"https:\/\/caf-fca.org\/fr\/attirer-former-et-maintenir-en-poste-les-groupes-prioritaires-en-matiere-dequite-dans-les-metiers-specialises-au-nouveau-brunswick\/","title":{"rendered":"Attirer, former et maintenir en poste les groupes prioritaires en mati\u00e8re d\u2019\u00e9quit\u00e9 dans les m\u00e9tiers sp\u00e9cialis\u00e9s au Nouveau-Brunswick"},"content":{"rendered":"","protected":false},"excerpt":{"rendered":"","protected":false},"author":2,"featured_media":0,"parent":0,"menu_order":0,"comment_status":"closed","ping_status":"closed","template":"template-interior.php","meta":{"_acf_changed":false,"_genesis_hide_title":false,"_genesis_hide_breadcrumbs":false,"_genesis_hide_singular_image":false,"_genesis_hide_footer_widgets":false,"_genesis_custom_body_class":"","_genesis_custom_post_class":"","_genesis_layout":"","footnotes":""},"class_list":{"0":"post-14928","1":"page","2":"type-page","3":"status-publish","5":"entry"},"acf":[],"_links":{"self":[{"href":"https:\/\/caf-fca.org\/fr\/wp-json\/wp\/v2\/pages\/14928"}],"collection":[{"href":"https:\/\/caf-fca.org\/fr\/wp-json\/wp\/v2\/pages"}],"about":[{"href":"https:\/\/caf-fca.org\/fr\/wp-json\/wp\/v2\/types\/page"}],"author":[{"embeddable":true,"href":"https:\/\/caf-fca.org\/fr\/wp-json\/wp\/v2\/users\/2"}],"replies":[{"embeddable":true,"href":"https:\/\/caf-fca.org\/fr\/wp-json\/wp\/v2\/comments?post=14928"}],"version-history":[{"count":2,"href":"https:\/\/caf-fca.org\/fr\/wp-json\/wp\/v2\/pages\/14928\/revisions"}],"predecessor-version":[{"id":14930,"href":"https:\/\/caf-fca.org\/fr\/wp-json\/wp\/v2\/pages\/14928\/revisions\/14930"}],"wp:attachment":[{"href":"https:\/\/caf-fca.org\/fr\/wp-json\/wp\/v2\/media?parent=14928"}],"curies":[{"name":"wp","href":"https:\/\/api.w.org\/{rel}","templated":true}]}}