{"id":14932,"date":"2025-10-22T14:06:32","date_gmt":"2025-10-22T18:06:32","guid":{"rendered":"https:\/\/caf-fca.org\/?page_id=14932"},"modified":"2025-10-22T14:06:49","modified_gmt":"2025-10-22T18:06:49","slug":"webinaire-sensibilisation-sante-securite-inscription","status":"publish","type":"page","link":"https:\/\/caf-fca.org\/fr\/webinaire-sensibilisation-sante-securite-inscription\/","title":{"rendered":"WEBINAIRE | S\u00e9ance de sensibilisation \u00e0 la sant\u00e9 et \u00e0 la s\u00e9curit\u00e9 inscription"},"content":{"rendered":"","protected":false},"excerpt":{"rendered":"","protected":false},"author":2,"featured_media":0,"parent":0,"menu_order":0,"comment_status":"closed","ping_status":"closed","template":"template-interior.php","meta":{"_acf_changed":false,"_genesis_hide_title":false,"_genesis_hide_breadcrumbs":false,"_genesis_hide_singular_image":false,"_genesis_hide_footer_widgets":false,"_genesis_custom_body_class":"","_genesis_custom_post_class":"","_genesis_layout":"","footnotes":""},"class_list":{"0":"post-14932","1":"page","2":"type-page","3":"status-publish","5":"entry"},"acf":[],"_links":{"self":[{"href":"https:\/\/caf-fca.org\/fr\/wp-json\/wp\/v2\/pages\/14932"}],"collection":[{"href":"https:\/\/caf-fca.org\/fr\/wp-json\/wp\/v2\/pages"}],"about":[{"href":"https:\/\/caf-fca.org\/fr\/wp-json\/wp\/v2\/types\/page"}],"author":[{"embeddable":true,"href":"https:\/\/caf-fca.org\/fr\/wp-json\/wp\/v2\/users\/2"}],"replies":[{"embeddable":true,"href":"https:\/\/caf-fca.org\/fr\/wp-json\/wp\/v2\/comments?post=14932"}],"version-history":[{"count":2,"href":"https:\/\/caf-fca.org\/fr\/wp-json\/wp\/v2\/pages\/14932\/revisions"}],"predecessor-version":[{"id":14938,"href":"https:\/\/caf-fca.org\/fr\/wp-json\/wp\/v2\/pages\/14932\/revisions\/14938"}],"wp:attachment":[{"href":"https:\/\/caf-fca.org\/fr\/wp-json\/wp\/v2\/media?parent=14932"}],"curies":[{"name":"wp","href":"https:\/\/api.w.org\/{rel}","templated":true}]}}