{"id":8102,"date":"2022-01-12T10:27:19","date_gmt":"2022-01-12T10:27:19","guid":{"rendered":"https:\/\/caf-fca.org\/skilled-trades-network\/"},"modified":"2022-11-07T18:52:28","modified_gmt":"2022-11-07T23:52:28","slug":"centre-des-metiers-specialises","status":"publish","type":"page","link":"https:\/\/caf-fca.org\/fr\/centre-des-metiers-specialises\/","title":{"rendered":"Centre des m\u00e9tiers sp\u00e9cialis\u00e9s"},"content":{"rendered":"","protected":false},"excerpt":{"rendered":"","protected":false},"author":2,"featured_media":0,"parent":0,"menu_order":0,"comment_status":"closed","ping_status":"closed","template":"template-skilled-trades-network.php","meta":{"_acf_changed":false,"_genesis_hide_title":false,"_genesis_hide_breadcrumbs":false,"_genesis_hide_singular_image":false,"_genesis_hide_footer_widgets":false,"_genesis_custom_body_class":"","_genesis_custom_post_class":"","_genesis_layout":"","footnotes":""},"class_list":{"0":"post-8102","1":"page","2":"type-page","3":"status-publish","5":"entry"},"acf":[],"_links":{"self":[{"href":"https:\/\/caf-fca.org\/fr\/wp-json\/wp\/v2\/pages\/8102"}],"collection":[{"href":"https:\/\/caf-fca.org\/fr\/wp-json\/wp\/v2\/pages"}],"about":[{"href":"https:\/\/caf-fca.org\/fr\/wp-json\/wp\/v2\/types\/page"}],"author":[{"embeddable":true,"href":"https:\/\/caf-fca.org\/fr\/wp-json\/wp\/v2\/users\/2"}],"replies":[{"embeddable":true,"href":"https:\/\/caf-fca.org\/fr\/wp-json\/wp\/v2\/comments?post=8102"}],"version-history":[{"count":5,"href":"https:\/\/caf-fca.org\/fr\/wp-json\/wp\/v2\/pages\/8102\/revisions"}],"predecessor-version":[{"id":10720,"href":"https:\/\/caf-fca.org\/fr\/wp-json\/wp\/v2\/pages\/8102\/revisions\/10720"}],"wp:attachment":[{"href":"https:\/\/caf-fca.org\/fr\/wp-json\/wp\/v2\/media?parent=8102"}],"curies":[{"name":"wp","href":"https:\/\/api.w.org\/{rel}","templated":true}]}}